{"id":2635,"date":"2025-11-23T01:25:10","date_gmt":"2025-11-23T01:25:10","guid":{"rendered":"https:\/\/boeckel-lab.com\/?page_id=2635"},"modified":"2025-11-27T05:31:26","modified_gmt":"2025-11-27T05:31:26","slug":"terms-of-use-for-scientific-data","status":"publish","type":"page","link":"https:\/\/boeckel-lab.com\/de\/terms-of-use-for-scientific-data\/","title":{"rendered":"Nutzungsbedingungen"},"content":{"rendered":"<div data-elementor-type=\"wp-page\" data-elementor-id=\"2635\" class=\"elementor elementor-2635\">\n\t\t\t\t<main class=\"elementor-element elementor-element-5197593 e-con-full e-flex e-con e-parent\" data-id=\"5197593\" data-element_type=\"container\" data-e-type=\"container\" data-settings=\"{&quot;background_background&quot;:&quot;classic&quot;}\">\n\t\t<section class=\"elementor-element elementor-element-cf4506c e-con-full e-flex e-con e-child\" data-id=\"cf4506c\" data-element_type=\"container\" data-e-type=\"container\" data-settings=\"{&quot;background_background&quot;:&quot;classic&quot;}\">\n\t\t<div class=\"elementor-element elementor-element-0617d33 e-con-full e-flex e-con e-child\" data-id=\"0617d33\" data-element_type=\"container\" data-e-type=\"container\">\n\t\t\t\t<div class=\"elementor-element elementor-element-9d9edea elementor-widget elementor-widget-heading\" data-id=\"9d9edea\" data-element_type=\"widget\" data-e-type=\"widget\" data-widget_type=\"heading.default\">\n\t\t\t\t<div class=\"elementor-widget-container\">\n\t\t\t\t\t<h1 class=\"elementor-heading-title elementor-size-default\">Nutzungsbedingungen f\u00fcr wissenschaftliche Datens\u00e4tze<\/h1>\t\t\t\t<\/div>\n\t\t\t\t<\/div>\n\t\t\t\t<\/div>\n\t\t\t\t<\/section>\n\t\t<section class=\"elementor-element elementor-element-0302293 e-flex e-con-boxed e-con e-child\" data-id=\"0302293\" data-element_type=\"container\" data-e-type=\"container\" data-settings=\"{&quot;background_background&quot;:&quot;classic&quot;}\">\n\t\t\t\t\t<div class=\"e-con-inner\">\n\t\t<div class=\"elementor-element elementor-element-8e82aa8 e-con-full e-flex e-con e-child\" data-id=\"8e82aa8\" data-element_type=\"container\" data-e-type=\"container\">\n\t\t\t\t<div class=\"elementor-element elementor-element-14bac3d elementor-widget elementor-widget-text-editor\" data-id=\"14bac3d\" data-element_type=\"widget\" data-e-type=\"widget\" data-widget_type=\"text-editor.default\">\n\t\t\t\t<div class=\"elementor-widget-container\">\n\t\t\t\t\t\t\t\t\t<p>Die auf dieser Website verlinkten oder bereitgestellten Datens\u00e4tze (einschlie\u00dflich Bulk-RNA-Seq-, Einzelzell-RNA-Seq-, Einzelkern-RNA-Seq-Daten sowie PBMC-Datens\u00e4tze und extern gehostete Daten wie GEO oder ircas.eu) werden ausschlie\u00dflich f\u00fcr wissenschaftliche, akademische und nicht-kommerzielle Forschungszwecke zur Verf\u00fcgung gestellt.<\/p>\t\t\t\t\t\t\t\t<\/div>\n\t\t\t\t<\/div>\n\t\t\t\t<div class=\"elementor-element elementor-element-9910222 elementor-widget-divider--view-line elementor-widget elementor-widget-divider\" data-id=\"9910222\" data-element_type=\"widget\" data-e-type=\"widget\" data-widget_type=\"divider.default\">\n\t\t\t\t<div class=\"elementor-widget-container\">\n\t\t\t\t\t\t\t<div class=\"elementor-divider\">\n\t\t\t<span class=\"elementor-divider-separator\">\n\t\t\t\t\t\t<\/span>\n\t\t<\/div>\n\t\t\t\t\t\t<\/div>\n\t\t\t\t<\/div>\n\t\t\t\t<\/div>\n\t\t\t\t\t<\/div>\n\t\t\t\t<\/section>\n\t\t<section class=\"elementor-element elementor-element-f3e8d5b e-flex e-con-boxed e-con e-child\" data-id=\"f3e8d5b\" data-element_type=\"container\" data-e-type=\"container\" data-settings=\"{&quot;background_background&quot;:&quot;classic&quot;}\">\n\t\t\t\t\t<div class=\"e-con-inner\">\n\t\t<div class=\"elementor-element elementor-element-1a7c09c e-con-full e-flex e-con e-child\" data-id=\"1a7c09c\" data-element_type=\"container\" data-e-type=\"container\">\n\t\t\t\t<div class=\"elementor-element elementor-element-16594d2 elementor-widget elementor-widget-heading\" data-id=\"16594d2\" data-element_type=\"widget\" data-e-type=\"widget\" data-widget_type=\"heading.default\">\n\t\t\t\t<div class=\"elementor-widget-container\">\n\t\t\t\t\t<h2 class=\"elementor-heading-title elementor-size-default\">1. Nutzungsumfang\n<\/h2>\t\t\t\t<\/div>\n\t\t\t\t<\/div>\n\t\t\t\t<div class=\"elementor-element elementor-element-6f8fc2c elementor-widget elementor-widget-text-editor\" data-id=\"6f8fc2c\" data-element_type=\"widget\" data-e-type=\"widget\" data-widget_type=\"text-editor.default\">\n\t\t\t\t<div class=\"elementor-widget-container\">\n\t\t\t\t\t\t\t\t\t<p data-start=\"1200\" data-end=\"1376\">Die Daten d\u00fcrfen f\u00fcr wissenschaftliche Analysen, Methodenentwicklung, Benchmarking und akademische Ver\u00f6ffentlichungen verwendet werden, sofern eine angemessene Quellenangabe erfolgt.<\/p>\t\t\t\t\t\t\t\t<\/div>\n\t\t\t\t<\/div>\n\t\t\t\t<\/div>\n\t\t<div class=\"elementor-element elementor-element-642d4d4 e-con-full e-flex e-con e-child\" data-id=\"642d4d4\" data-element_type=\"container\" data-e-type=\"container\">\n\t\t\t\t<div class=\"elementor-element elementor-element-e462ace elementor-widget elementor-widget-heading\" data-id=\"e462ace\" data-element_type=\"widget\" data-e-type=\"widget\" data-widget_type=\"heading.default\">\n\t\t\t\t<div class=\"elementor-widget-container\">\n\t\t\t\t\t<h2 class=\"elementor-heading-title elementor-size-default\">2. Nur nicht-kommerzielle Nutzung\n<\/h2>\t\t\t\t<\/div>\n\t\t\t\t<\/div>\n\t\t\t\t<div class=\"elementor-element elementor-element-199c0b3 elementor-widget elementor-widget-text-editor\" data-id=\"199c0b3\" data-element_type=\"widget\" data-e-type=\"widget\" data-widget_type=\"text-editor.default\">\n\t\t\t\t<div class=\"elementor-widget-container\">\n\t\t\t\t\t\t\t\t\t<p>Eine kommerzielle Nutzung, Weitergabe oder Integration der Daten in kommerzielle Produkte, Dienstleistungen oder Tools ist ohne vorherige schriftliche Genehmigung nicht gestattet.<\/p>\t\t\t\t\t\t\t\t<\/div>\n\t\t\t\t<\/div>\n\t\t\t\t<\/div>\n\t\t<div class=\"elementor-element elementor-element-8b4fbe8 e-con-full e-flex e-con e-child\" data-id=\"8b4fbe8\" data-element_type=\"container\" data-e-type=\"container\">\n\t\t\t\t<div class=\"elementor-element elementor-element-e597d6f elementor-widget elementor-widget-heading\" data-id=\"e597d6f\" data-element_type=\"widget\" data-e-type=\"widget\" data-widget_type=\"heading.default\">\n\t\t\t\t<div class=\"elementor-widget-container\">\n\t\t\t\t\t<h2 class=\"elementor-heading-title elementor-size-default\">3. Keine klinische Verwendung\n<\/h2>\t\t\t\t<\/div>\n\t\t\t\t<\/div>\n\t\t\t\t<div class=\"elementor-element elementor-element-2ef0928 elementor-widget elementor-widget-text-editor\" data-id=\"2ef0928\" data-element_type=\"widget\" data-e-type=\"widget\" data-widget_type=\"text-editor.default\">\n\t\t\t\t<div class=\"elementor-widget-container\">\n\t\t\t\t\t\t\t\t\t<p>Die Datens\u00e4tze dienen ausschlie\u00dflich Forschungszwecken.<br data-start=\"1643\" data-end=\"1646\" \/>Sie d\u00fcrfen nicht f\u00fcr klinische Entscheidungen, Diagnostik, Therapie oder jegliche patientenbezogene Anwendungen verwendet werden.<\/p>\t\t\t\t\t\t\t\t<\/div>\n\t\t\t\t<\/div>\n\t\t\t\t<\/div>\n\t\t<div class=\"elementor-element elementor-element-ff770b8 e-con-full e-flex e-con e-child\" data-id=\"ff770b8\" data-element_type=\"container\" data-e-type=\"container\">\n\t\t\t\t<div class=\"elementor-element elementor-element-7bbcd4f elementor-widget elementor-widget-heading\" data-id=\"7bbcd4f\" data-element_type=\"widget\" data-e-type=\"widget\" data-widget_type=\"heading.default\">\n\t\t\t\t<div class=\"elementor-widget-container\">\n\t\t\t\t\t<h2 class=\"elementor-heading-title elementor-size-default\">4. Lizenzierung und Zitation\n<\/h2>\t\t\t\t<\/div>\n\t\t\t\t<\/div>\n\t\t\t\t<div class=\"elementor-element elementor-element-26a0554 elementor-widget elementor-widget-text-editor\" data-id=\"26a0554\" data-element_type=\"widget\" data-e-type=\"widget\" data-widget_type=\"text-editor.default\">\n\t\t\t\t<div class=\"elementor-widget-container\">\n\t\t\t\t\t\t\t\t\t<p>Nutzende m\u00fcssen die Lizenz- und Zitierregeln der jeweiligen Datenrepositorien (z. B. GEO\/NCBI) einhalten.<br data-start=\"1914\" data-end=\"1917\" \/>Bei Ver\u00f6ffentlichungen oder Analysen ist eine korrekte Quellenangabe obligatorisch.<\/p>\t\t\t\t\t\t\t\t<\/div>\n\t\t\t\t<\/div>\n\t\t\t\t<\/div>\n\t\t<div class=\"elementor-element elementor-element-fce79ed e-con-full e-flex e-con e-child\" data-id=\"fce79ed\" data-element_type=\"container\" data-e-type=\"container\">\n\t\t\t\t<div class=\"elementor-element elementor-element-3e00d67 elementor-widget elementor-widget-heading\" data-id=\"3e00d67\" data-element_type=\"widget\" data-e-type=\"widget\" data-widget_type=\"heading.default\">\n\t\t\t\t<div class=\"elementor-widget-container\">\n\t\t\t\t\t<h2 class=\"elementor-heading-title elementor-size-default\">5. Datenschutz<\/h2>\t\t\t\t<\/div>\n\t\t\t\t<\/div>\n\t\t\t\t<div class=\"elementor-element elementor-element-90f40ca elementor-widget elementor-widget-text-editor\" data-id=\"90f40ca\" data-element_type=\"widget\" data-e-type=\"widget\" data-widget_type=\"text-editor.default\">\n\t\t\t\t<div class=\"elementor-widget-container\">\n\t\t\t\t\t\t\t\t\t<p>Alle bereitgestellten oder verlinkten Datens\u00e4tze enthalten ausschlie\u00dflich anonymisierte Forschungsdaten.<br data-start=\"2123\" data-end=\"2126\" \/>Es sind keine personenbezogenen Daten enthalten.<br data-start=\"2183\" data-end=\"2186\" \/>Nutzende m\u00fcssen alle geltenden Datenschutzbestimmungen einhalten.<\/p>\t\t\t\t\t\t\t\t<\/div>\n\t\t\t\t<\/div>\n\t\t\t\t<\/div>\n\t\t<div class=\"elementor-element elementor-element-df56c6f e-con-full e-flex e-con e-child\" data-id=\"df56c6f\" data-element_type=\"container\" data-e-type=\"container\">\n\t\t\t\t<div class=\"elementor-element elementor-element-edf10e9 elementor-widget elementor-widget-heading\" data-id=\"edf10e9\" data-element_type=\"widget\" data-e-type=\"widget\" data-widget_type=\"heading.default\">\n\t\t\t\t<div class=\"elementor-widget-container\">\n\t\t\t\t\t<h2 class=\"elementor-heading-title elementor-size-default\">6. Drittanbieter-Plattformen\n<\/h2>\t\t\t\t<\/div>\n\t\t\t\t<\/div>\n\t\t\t\t<div class=\"elementor-element elementor-element-93338b4 elementor-widget elementor-widget-text-editor\" data-id=\"93338b4\" data-element_type=\"widget\" data-e-type=\"widget\" data-widget_type=\"text-editor.default\">\n\t\t\t\t<div class=\"elementor-widget-container\">\n\t\t\t\t\t\t\t\t\t<p data-start=\"2251\" data-end=\"2449\">Beim Herunterladen von Daten aus externen Repositorien (z. B. GEO\/NCBI oder ircas.eu) stimmen Nutzende automatisch den dort geltenden Nutzungs- und Datenschutzbestimmungen zu.<\/p>\t\t\t\t\t\t\t\t<\/div>\n\t\t\t\t<\/div>\n\t\t\t\t<\/div>\n\t\t<div class=\"elementor-element elementor-element-c65ee96 e-con-full e-flex e-con e-child\" data-id=\"c65ee96\" data-element_type=\"container\" data-e-type=\"container\">\n\t\t\t\t<div class=\"elementor-element elementor-element-e5263a4 elementor-widget elementor-widget-heading\" data-id=\"e5263a4\" data-element_type=\"widget\" data-e-type=\"widget\" data-widget_type=\"heading.default\">\n\t\t\t\t<div class=\"elementor-widget-container\">\n\t\t\t\t\t<h2 class=\"elementor-heading-title elementor-size-default\">7. Gew\u00e4hrleistungsausschluss\n<\/h2>\t\t\t\t<\/div>\n\t\t\t\t<\/div>\n\t\t\t\t<div class=\"elementor-element elementor-element-6bea0e9 elementor-widget elementor-widget-text-editor\" data-id=\"6bea0e9\" data-element_type=\"widget\" data-e-type=\"widget\" data-widget_type=\"text-editor.default\">\n\t\t\t\t<div class=\"elementor-widget-container\">\n\t\t\t\t\t\t\t\t\t<p>Das Boeckel Lab stellt die Daten \u201ewie sie sind\u201c ohne ausdr\u00fcckliche oder stillschweigende Gew\u00e4hrleistung hinsichtlich Richtigkeit, Vollst\u00e4ndigkeit oder Eignung f\u00fcr bestimmte Zwecke bereit.<\/p>\t\t\t\t\t\t\t\t<\/div>\n\t\t\t\t<\/div>\n\t\t\t\t<\/div>\n\t\t<div class=\"elementor-element elementor-element-e9096c8 e-con-full e-flex e-con e-child\" data-id=\"e9096c8\" data-element_type=\"container\" data-e-type=\"container\">\n\t\t\t\t<div class=\"elementor-element elementor-element-2def912 elementor-widget elementor-widget-heading\" data-id=\"2def912\" data-element_type=\"widget\" data-e-type=\"widget\" data-widget_type=\"heading.default\">\n\t\t\t\t<div class=\"elementor-widget-container\">\n\t\t\t\t\t<h2 class=\"elementor-heading-title elementor-size-default\">8. Haftungsbeschr\u00e4nkung\n<\/h2>\t\t\t\t<\/div>\n\t\t\t\t<\/div>\n\t\t\t\t<div class=\"elementor-element elementor-element-7669296 elementor-widget elementor-widget-text-editor\" data-id=\"7669296\" data-element_type=\"widget\" data-e-type=\"widget\" data-widget_type=\"text-editor.default\">\n\t\t\t\t<div class=\"elementor-widget-container\">\n\t\t\t\t\t\t\t\t\t<p>Das Boeckel Lab, das Universit\u00e4tsklinikum Leipzig und die Universit\u00e4t Leipzig \u00fcbernehmen keine Haftung f\u00fcr Fehler oder Missbrauch der bereitgestellten Daten.<\/p>\t\t\t\t\t\t\t\t<\/div>\n\t\t\t\t<\/div>\n\t\t\t\t<\/div>\n\t\t<div class=\"elementor-element elementor-element-8805b7b e-con-full e-flex e-con e-child\" data-id=\"8805b7b\" data-element_type=\"container\" data-e-type=\"container\">\n\t\t\t\t<div class=\"elementor-element elementor-element-170e6e2 elementor-widget elementor-widget-heading\" data-id=\"170e6e2\" data-element_type=\"widget\" data-e-type=\"widget\" data-widget_type=\"heading.default\">\n\t\t\t\t<div class=\"elementor-widget-container\">\n\t\t\t\t\t<h2 class=\"elementor-heading-title elementor-size-default\">9. Kontakt\n<\/h2>\t\t\t\t<\/div>\n\t\t\t\t<\/div>\n\t\t\t\t<div class=\"elementor-element elementor-element-34f9595 elementor-widget elementor-widget-text-editor\" data-id=\"34f9595\" data-element_type=\"widget\" data-e-type=\"widget\" data-widget_type=\"text-editor.default\">\n\t\t\t\t<div class=\"elementor-widget-container\">\n\t\t\t\t\t\t\t\t\t<p>Bei Fragen zur Datennutzung oder zu Genehmigungen wenden Sie sich bitte an:<br data-start=\"2919\" data-end=\"2922\" \/><strong data-start=\"2922\" data-end=\"2949\"><a class=\"decorated-link cursor-pointer\" href=\"mailto:contact@boeckel-lab.com\" rel=\"noopener\" data-start=\"2924\" data-end=\"2947\">contact@boeckel-lab.com<\/a><\/strong><\/p>\t\t\t\t\t\t\t\t<\/div>\n\t\t\t\t<\/div>\n\t\t\t\t<\/div>\n\t\t\t\t\t<\/div>\n\t\t\t\t<\/section>\n\t\t\t\t<\/main>\n\t\t\t\t<\/div>","protected":false},"excerpt":{"rendered":"<p>Terms of Use for Scientific Data\u200b The datasets linked or referenced on this website (including bulk RNA-seq, single-cell RNA-seq, single-nucleus RNA-seq, PBMC datasets, and data hosted on third-party platforms such as GEO or ircas.eu) are provided exclusively for scientific, academic, and non-commercial research purposes. 1. Scope of Use The data may be used for scientific&hellip; <a class=\"continue\" href=\"https:\/\/boeckel-lab.com\/de\/terms-of-use-for-scientific-data\/\">Continue Reading<span> Nutzungsbedingungen<\/span><\/a><\/p>","protected":false},"author":2,"featured_media":0,"parent":0,"menu_order":0,"comment_status":"closed","ping_status":"closed","template":"","meta":{"site-sidebar-layout":"no-sidebar","site-content-layout":"page-builder","ast-site-content-layout":"full-width-container","site-content-style":"default","site-sidebar-style":"default","ast-global-header-display":"","ast-banner-title-visibility":"","ast-main-header-display":"","ast-hfb-above-header-display":"","ast-hfb-below-header-display":"","ast-hfb-mobile-header-display":"","site-post-title":"","ast-breadcrumbs-content":"","ast-featured-img":"disabled","footer-sml-layout":"","ast-disable-related-posts":"","theme-transparent-header-meta":"","adv-header-id-meta":"","stick-header-meta":"","header-above-stick-meta":"","header-main-stick-meta":"","header-below-stick-meta":"","astra-migrate-meta-layouts":"set","ast-page-background-enabled":"default","ast-page-background-meta":{"desktop":{"background-color":"","background-image":"","background-repeat":"repeat","background-position":"center center","background-size":"auto","background-attachment":"scroll","background-type":"","background-media":"","overlay-type":"","overlay-color":"","overlay-opacity":"","overlay-gradient":""},"tablet":{"background-color":"","background-image":"","background-repeat":"repeat","background-position":"center center","background-size":"auto","background-attachment":"scroll","background-type":"","background-media":"","overlay-type":"","overlay-color":"","overlay-opacity":"","overlay-gradient":""},"mobile":{"background-color":"","background-image":"","background-repeat":"repeat","background-position":"center center","background-size":"auto","background-attachment":"scroll","background-type":"","background-media":"","overlay-type":"","overlay-color":"","overlay-opacity":"","overlay-gradient":""}},"ast-content-background-meta":{"desktop":{"background-color":"var(--ast-global-color-5)","background-image":"","background-repeat":"repeat","background-position":"center center","background-size":"auto","background-attachment":"scroll","background-type":"","background-media":"","overlay-type":"","overlay-color":"","overlay-opacity":"","overlay-gradient":""},"tablet":{"background-color":"var(--ast-global-color-5)","background-image":"","background-repeat":"repeat","background-position":"center center","background-size":"auto","background-attachment":"scroll","background-type":"","background-media":"","overlay-type":"","overlay-color":"","overlay-opacity":"","overlay-gradient":""},"mobile":{"background-color":"var(--ast-global-color-5)","background-image":"","background-repeat":"repeat","background-position":"center center","background-size":"auto","background-attachment":"scroll","background-type":"","background-media":"","overlay-type":"","overlay-color":"","overlay-opacity":"","overlay-gradient":""}},"footnotes":""},"class_list":["post-2635","page","type-page","status-publish","hentry"],"_links":{"self":[{"href":"https:\/\/boeckel-lab.com\/de\/wp-json\/wp\/v2\/pages\/2635","targetHints":{"allow":["GET"]}}],"collection":[{"href":"https:\/\/boeckel-lab.com\/de\/wp-json\/wp\/v2\/pages"}],"about":[{"href":"https:\/\/boeckel-lab.com\/de\/wp-json\/wp\/v2\/types\/page"}],"author":[{"embeddable":true,"href":"https:\/\/boeckel-lab.com\/de\/wp-json\/wp\/v2\/users\/2"}],"replies":[{"embeddable":true,"href":"https:\/\/boeckel-lab.com\/de\/wp-json\/wp\/v2\/comments?post=2635"}],"version-history":[{"count":47,"href":"https:\/\/boeckel-lab.com\/de\/wp-json\/wp\/v2\/pages\/2635\/revisions"}],"predecessor-version":[{"id":3001,"href":"https:\/\/boeckel-lab.com\/de\/wp-json\/wp\/v2\/pages\/2635\/revisions\/3001"}],"wp:attachment":[{"href":"https:\/\/boeckel-lab.com\/de\/wp-json\/wp\/v2\/media?parent=2635"}],"curies":[{"name":"wp","href":"https:\/\/api.w.org\/{rel}","templated":true}]}}