{"id":1215,"date":"2025-10-29T22:02:15","date_gmt":"2025-10-29T22:02:15","guid":{"rendered":"https:\/\/boeckel-lab.com\/?page_id=1215"},"modified":"2025-12-17T22:16:56","modified_gmt":"2025-12-17T22:16:56","slug":"careers","status":"publish","type":"page","link":"https:\/\/boeckel-lab.com\/de\/careers\/","title":{"rendered":"Jobs"},"content":{"rendered":"<div data-elementor-type=\"wp-post\" data-elementor-id=\"1215\" class=\"elementor elementor-1215\">\n\t\t\t\t<main class=\"elementor-element elementor-element-ff062fb e-con-full e-flex e-con e-parent\" data-id=\"ff062fb\" data-element_type=\"container\" data-e-type=\"container\">\n\t\t<section class=\"elementor-element elementor-element-a10ced5 e-con-full e-flex e-con e-child\" data-id=\"a10ced5\" data-element_type=\"container\" data-e-type=\"container\" data-settings=\"{&quot;background_background&quot;:&quot;classic&quot;}\">\n\t\t<div class=\"elementor-element elementor-element-337650c e-con-full e-flex elementor-invisible e-con e-child\" data-id=\"337650c\" data-element_type=\"container\" data-e-type=\"container\" data-settings=\"{&quot;animation&quot;:&quot;slideInUp&quot;}\">\n\t\t\t\t<div class=\"elementor-element elementor-element-1df7991 elementor-widget elementor-widget-heading\" data-id=\"1df7991\" data-element_type=\"widget\" data-e-type=\"widget\" data-widget_type=\"heading.default\">\n\t\t\t\t<div class=\"elementor-widget-container\">\n\t\t\t\t\t<h1 class=\"elementor-heading-title elementor-size-default\">Jobs<\/h1>\t\t\t\t<\/div>\n\t\t\t\t<\/div>\n\t\t\t\t<\/div>\n\t\t\t\t<\/section>\n\t\t<section class=\"elementor-element elementor-element-50086ac e-flex e-con-boxed e-con e-child\" data-id=\"50086ac\" data-element_type=\"container\" data-e-type=\"container\">\n\t\t\t\t\t<div class=\"e-con-inner\">\n\t\t\t\t<div class=\"elementor-element elementor-element-80e5ef2 elementor-invisible elementor-widget elementor-widget-heading\" data-id=\"80e5ef2\" data-element_type=\"widget\" data-e-type=\"widget\" data-settings=\"{&quot;_animation&quot;:&quot;slideInUp&quot;}\" data-widget_type=\"heading.default\">\n\t\t\t\t<div class=\"elementor-widget-container\">\n\t\t\t\t\t<h2 class=\"elementor-heading-title elementor-size-default\">Gestalten Sie mit uns die Zukunft der Herz-Kreislauf-Forschung<\/h2>\t\t\t\t<\/div>\n\t\t\t\t<\/div>\n\t\t\t\t<div class=\"elementor-element elementor-element-c7421e2 elementor-invisible elementor-widget elementor-widget-text-editor\" data-id=\"c7421e2\" data-element_type=\"widget\" data-e-type=\"widget\" data-settings=\"{&quot;_animation&quot;:&quot;slideInUp&quot;}\" data-widget_type=\"text-editor.default\">\n\t\t\t\t<div class=\"elementor-widget-container\">\n\t\t\t\t\t\t\t\t\t<p>Das Labor f\u00fcr Experimentelle Kardiologie am Universit\u00e4tsklinikum Leipzig untersucht die molekularen und zellul\u00e4ren Mechanismen, die kardiovaskul\u00e4ren Erkrankungen zugrunde liegen. Unser Ziel ist es, wissenschaftliche Erkenntnisse in bedeutende Fortschritte f\u00fcr die Patientenversorgung zu \u00fcberf\u00fchren. Aktuell ist unten eine offene Stelle ausgeschrieben. Grunds\u00e4tzlich freuen wir uns jederzeit \u00fcber den Austausch mit neugierigen, motivierten und qualifizierten Wissenschaftlerinnen und Wissenschaftlern, die daran interessiert sind, unser Team in Zukunft zu verst\u00e4rken.<\/p><p>Wenn Sie Kontakt aufnehmen m\u00f6chten, senden Sie bitte eine einzelne PDF-Datei an <a href=\"mailto:Jes-Niels.Boeckel@medizin.uni-leipzig.de\"> Jes-Niels Boeckel<\/a> mit folgenden Unterlagen:<\/p><ul><li>Motivationsschreiben<\/li><li>Lebenslauf<\/li><li>Kopien akademischer Abschl\u00fcsse<\/li><li>Publikationsliste und relevante Forschungskompetenzen<\/li><\/ul>\t\t\t\t\t\t\t\t<\/div>\n\t\t\t\t<\/div>\n\t\t\t\t<div class=\"elementor-element elementor-element-d270d72 elementor-invisible elementor-widget elementor-widget-text-editor\" data-id=\"d270d72\" data-element_type=\"widget\" data-e-type=\"widget\" data-settings=\"{&quot;_animation&quot;:&quot;slideInUp&quot;}\" data-widget_type=\"text-editor.default\">\n\t\t\t\t<div class=\"elementor-widget-container\">\n\t\t\t\t\t\t\t\t\t<p>Wir begr\u00fc\u00dfen zudem Kooperationen mit Kolleg*innen anderer Einrichtungen, die unsere Leidenschaft f\u00fcr die kardiovaskul\u00e4re Forschung teilen.<\/p><p><strong>Derzeit suchen wir motivierte Studenten, die unser Team als studentische Hilfskr\u00e4fte (SHK) im Bereich Bioinformatik verst\u00e4rken m\u00f6chten.<\/strong><\/p>\t\t\t\t\t\t\t\t<\/div>\n\t\t\t\t<\/div>\n\t\t\t\t\t<\/div>\n\t\t\t\t<\/section>\n\t\t<section class=\"elementor-element elementor-element-e5d903f e-flex e-con-boxed e-con e-child\" data-id=\"e5d903f\" data-element_type=\"container\" data-e-type=\"container\">\n\t\t\t\t\t<div class=\"e-con-inner\">\n\t\t\t\t<div class=\"elementor-element elementor-element-5fe7176 elementor-widget-divider--view-line elementor-widget elementor-widget-divider\" data-id=\"5fe7176\" data-element_type=\"widget\" data-e-type=\"widget\" data-widget_type=\"divider.default\">\n\t\t\t\t<div class=\"elementor-widget-container\">\n\t\t\t\t\t\t\t<div class=\"elementor-divider\">\n\t\t\t<span class=\"elementor-divider-separator\">\n\t\t\t\t\t\t<\/span>\n\t\t<\/div>\n\t\t\t\t\t\t<\/div>\n\t\t\t\t<\/div>\n\t\t\t\t\t<\/div>\n\t\t\t\t<\/section>\n\t\t<section class=\"elementor-element elementor-element-3edc193 awards-scroll-box e-flex e-con-boxed elementor-invisible e-con e-child\" data-id=\"3edc193\" data-element_type=\"container\" data-e-type=\"container\" data-settings=\"{&quot;background_background&quot;:&quot;classic&quot;,&quot;animation&quot;:&quot;slideInUp&quot;}\">\n\t\t\t\t\t<div class=\"e-con-inner\">\n\t\t\t\t<div class=\"elementor-element elementor-element-c696fe6 elementor-widget elementor-widget-heading\" data-id=\"c696fe6\" data-element_type=\"widget\" data-e-type=\"widget\" data-widget_type=\"heading.default\">\n\t\t\t\t<div class=\"elementor-widget-container\">\n\t\t\t\t\t<h3 class=\"elementor-heading-title elementor-size-default\"> Ausschreibung: Studentische Hilfskraft (SHK) \u2013 Bioinformatik \/ Informatik<\/h3>\t\t\t\t<\/div>\n\t\t\t\t<\/div>\n\t\t\t\t<div class=\"elementor-element elementor-element-80af96f elementor-widget elementor-widget-text-editor\" data-id=\"80af96f\" data-element_type=\"widget\" data-e-type=\"widget\" data-widget_type=\"text-editor.default\">\n\t\t\t\t<div class=\"elementor-widget-container\">\n\t\t\t\t\t\t\t\t\t<p>Die Arbeitsgruppe von Prof. Dr. Boeckel an der Universit\u00e4t Leipzig sucht zum n\u00e4chstm\u00f6glichen Zeitpunkt eine studentische Hilfskraft (SHK) im Bereich bioinformatische Datenanalyse.<\/p><p><strong>Beginn: \u00a0<\/strong>\u00a0\u00a0\u00a0\u00a0\u00a0\u00a0\u00a0\u00a0 ab sofort<br \/><b>Arbeitszeit:<\/b> \u00a0\u00a0\u00a0\u00a0 flexibel nach Absprache<br \/><b>Verg\u00fctung:<\/b> \u00a0\u00a0\u00a0\u00a0 SHK-Basis nach geltendem Uni-Tarif<br \/><b>Arbeitsort:<\/b> \u00a0\u00a0\u00a0\u00a0\u00a0 Max-B\u00fcrger-Forschungszentrum, Johannisallee 30<\/p>\t\t\t\t\t\t\t\t<\/div>\n\t\t\t\t<\/div>\n\t\t\t\t<div class=\"elementor-element elementor-element-d2d0812 elementor-widget elementor-widget-heading\" data-id=\"d2d0812\" data-element_type=\"widget\" data-e-type=\"widget\" data-widget_type=\"heading.default\">\n\t\t\t\t<div class=\"elementor-widget-container\">\n\t\t\t\t\t<h3 class=\"elementor-heading-title elementor-size-default\"> \u00dcBER DIE ARBEITSGRUPPE<\/h3>\t\t\t\t<\/div>\n\t\t\t\t<\/div>\n\t\t\t\t<div class=\"elementor-element elementor-element-d3d31d0 elementor-widget elementor-widget-text-editor\" data-id=\"d3d31d0\" data-element_type=\"widget\" data-e-type=\"widget\" data-widget_type=\"text-editor.default\">\n\t\t\t\t<div class=\"elementor-widget-container\">\n\t\t\t\t\t\t\t\t\t<p>Unsere Arbeitsgruppe besch\u00e4ftigt sich mit molekularen und transkriptomischen Mechanismen vaskul\u00e4rer und immunologischer Prozesse. Ein Schwerpunkt liegt auf der Analyse von Single-Cell- und Bulk-RNA-Sequenzierungsdaten.<\/p>\t\t\t\t\t\t\t\t<\/div>\n\t\t\t\t<\/div>\n\t\t\t\t<div class=\"elementor-element elementor-element-c7a7318 elementor-widget elementor-widget-heading\" data-id=\"c7a7318\" data-element_type=\"widget\" data-e-type=\"widget\" data-widget_type=\"heading.default\">\n\t\t\t\t<div class=\"elementor-widget-container\">\n\t\t\t\t\t<h3 class=\"elementor-heading-title elementor-size-default\"> IHRE AUFGABEN<\/h3>\t\t\t\t<\/div>\n\t\t\t\t<\/div>\n\t\t\t\t<div class=\"elementor-element elementor-element-926e6f0 elementor-widget elementor-widget-text-editor\" data-id=\"926e6f0\" data-element_type=\"widget\" data-e-type=\"widget\" data-widget_type=\"text-editor.default\">\n\t\t\t\t<div class=\"elementor-widget-container\">\n\t\t\t\t\t\t\t\t\t<ul><li>Bioinformatische Auswertung von Single-Cell RNA-Sequenzierungsdaten<ul><li>Verarbeitung von Cell Ranger Outputs<\/li><li>Analyse und Integration von Datens\u00e4tzen mit Seurat (R)<\/li><li>Zelltypannotation (Marker-basiert, SingleR)<\/li><li>Visualisierung (FeaturePlot, DotPlot, VlnPlot)<\/li><\/ul><\/li><li>Analyse von Bulk RNA-Sequenzierungsdaten<ul><li>Qualit\u00e4tskontrolle, Normalisierung und statistische Auswertung in R<\/li><li>Arbeit mit Count-Daten (TPM, TMM, FPKM)<\/li><\/ul><\/li><li>Analyse von DNA-Sequenzierungsdaten<ul><li>Alignment, Variant Calling (GATK Best Practices), Basisdatenaufbereitung<\/li><\/ul><\/li><li>Auswertung von ChIP-seq-Daten<ul><li>Read Alignment (Bowtie2), Peak Calling (Homer)<\/li><li>Differenzielle Peak-Analysen, Track-\/bigWig-Erstellung (deepTools)<\/li><\/ul><\/li><li>Analyse von RIP-seq-Daten und Protein-RNA-Interaktionen<\/li><li>circRNA-Analysen (z.\u202fB. mit circBase)<\/li><li>RNA-Editing-Analysen (z.\u202fB. RNAEditor, IGV)<\/li><li>Spatial Transcriptomics (Visium, Space Ranger, BayesSpace)<\/li><li>Mitarbeit bei der grafischen Aufbereitung und Dokumentation der Ergebnisse<\/li><\/ul>\t\t\t\t\t\t\t\t<\/div>\n\t\t\t\t<\/div>\n\t\t\t\t<div class=\"elementor-element elementor-element-e3b9cd6 elementor-widget elementor-widget-heading\" data-id=\"e3b9cd6\" data-element_type=\"widget\" data-e-type=\"widget\" data-widget_type=\"heading.default\">\n\t\t\t\t<div class=\"elementor-widget-container\">\n\t\t\t\t\t<h3 class=\"elementor-heading-title elementor-size-default\"> IHR PROFIL<\/h3>\t\t\t\t<\/div>\n\t\t\t\t<\/div>\n\t\t\t\t<div class=\"elementor-element elementor-element-d20abf4 elementor-widget elementor-widget-text-editor\" data-id=\"d20abf4\" data-element_type=\"widget\" data-e-type=\"widget\" data-widget_type=\"text-editor.default\">\n\t\t\t\t<div class=\"elementor-widget-container\">\n\t\t\t\t\t\t\t\t\t<ul><li>Aktuelle Immatrikulation in Informatik, Bioinformatik oder einem verwandten Studiengang<\/li><li>Bevorzugt h\u00f6heres Fachsemester<\/li><li>Sehr gute Kenntnisse in R, idealerweise Erfahrung mit:<ul><li>Seurat, tidyverse \/ ggplot2<\/li><li>Statistischer Datenanalyse<\/li><\/ul><\/li><li>Grundverst\u00e4ndnis von NGS-Daten (RNA-seq, scRNA-seq, ggf. DNA-seq)<\/li><li>Strukturierte und selbstst\u00e4ndige Arbeitsweise<\/li><li>Sehr gute Deutschkenntnisse (C2-Niveau) oder Deutsch als Muttersprache<\/li><li>Zuverl\u00e4ssigkeit und Interesse an wissenschaftlicher Forschung<\/li><\/ul>\t\t\t\t\t\t\t\t<\/div>\n\t\t\t\t<\/div>\n\t\t\t\t<div class=\"elementor-element elementor-element-0798d06 elementor-widget elementor-widget-heading\" data-id=\"0798d06\" data-element_type=\"widget\" data-e-type=\"widget\" data-widget_type=\"heading.default\">\n\t\t\t\t<div class=\"elementor-widget-container\">\n\t\t\t\t\t<h3 class=\"elementor-heading-title elementor-size-default\"> WIR BIETEN<\/h3>\t\t\t\t<\/div>\n\t\t\t\t<\/div>\n\t\t\t\t<div class=\"elementor-element elementor-element-ecd7787 elementor-widget elementor-widget-text-editor\" data-id=\"ecd7787\" data-element_type=\"widget\" data-e-type=\"widget\" data-widget_type=\"text-editor.default\">\n\t\t\t\t<div class=\"elementor-widget-container\">\n\t\t\t\t\t\t\t\t\t<ul><li>Mitarbeit an aktuellen, publikationsnahen Forschungsprojekten<\/li><li>Vertiefte praktische Erfahrung in moderner Transkriptomik und Bioinformatik<\/li><li>Flexible Arbeitszeiten, gut mit dem Studium vereinbar<\/li><li>Einbindung in eine aktive, interdisziplin\u00e4re Forschungsumgebung<\/li><li>Langfristige Zusammenarbeit m\u00f6glich<\/li><\/ul>\t\t\t\t\t\t\t\t<\/div>\n\t\t\t\t<\/div>\n\t\t\t\t<div class=\"elementor-element elementor-element-706a553 elementor-widget elementor-widget-heading\" data-id=\"706a553\" data-element_type=\"widget\" data-e-type=\"widget\" data-widget_type=\"heading.default\">\n\t\t\t\t<div class=\"elementor-widget-container\">\n\t\t\t\t\t<h3 class=\"elementor-heading-title elementor-size-default\"> KONTAKT UND BEWERBUNG<\/h3>\t\t\t\t<\/div>\n\t\t\t\t<\/div>\n\t\t\t\t<div class=\"elementor-element elementor-element-13545d1 elementor-widget elementor-widget-text-editor\" data-id=\"13545d1\" data-element_type=\"widget\" data-e-type=\"widget\" data-widget_type=\"text-editor.default\">\n\t\t\t\t<div class=\"elementor-widget-container\">\n\t\t\t\t\t\t\t\t\t<p>Bitte senden Sie Ihre Bewerbung (Lebenslauf, ggf. Leistungs\u00fcbersicht) per E-Mail an:\u00a0<a href=\"mailto:Jes-Niels.Boeckel@medizin.uni-leipzig.de\"> Jes-Niels Boeckel<\/a><\/p>\t\t\t\t\t\t\t\t<\/div>\n\t\t\t\t<\/div>\n\t\t\t\t\t<\/div>\n\t\t\t\t<\/section>\n\t\t\t\t<\/main>\n\t\t\t\t<\/div>","protected":false},"excerpt":{"rendered":"<p>Careers Shape the Future of Cardiovascular Research With Us The Laboratory for Experimental Cardiology at the University Hospital Leipzig investigates the molecular and cellular mechanisms underlying cardiovascular diseases. Our goal is to transform scientific discoveries into meaningful advances for patient care. At the moment, we have one open position listed below. Generally, we are always&hellip; <a class=\"continue\" href=\"https:\/\/boeckel-lab.com\/de\/careers\/\">Continue Reading<span> Jobs<\/span><\/a><\/p>","protected":false},"author":2,"featured_media":0,"parent":0,"menu_order":0,"comment_status":"closed","ping_status":"closed","template":"","meta":{"site-sidebar-layout":"no-sidebar","site-content-layout":"page-builder","ast-site-content-layout":"full-width-container","site-content-style":"unboxed","site-sidebar-style":"unboxed","ast-global-header-display":"","ast-banner-title-visibility":"","ast-main-header-display":"","ast-hfb-above-header-display":"","ast-hfb-below-header-display":"","ast-hfb-mobile-header-display":"","site-post-title":"disabled","ast-breadcrumbs-content":"","ast-featured-img":"disabled","footer-sml-layout":"","ast-disable-related-posts":"","theme-transparent-header-meta":"enabled","adv-header-id-meta":"","stick-header-meta":"","header-above-stick-meta":"","header-main-stick-meta":"","header-below-stick-meta":"","astra-migrate-meta-layouts":"set","ast-page-background-enabled":"default","ast-page-background-meta":{"desktop":{"background-color":"","background-image":"","background-repeat":"repeat","background-position":"center center","background-size":"auto","background-attachment":"scroll","background-type":"","background-media":"","overlay-type":"","overlay-color":"","overlay-opacity":"","overlay-gradient":""},"tablet":{"background-color":"","background-image":"","background-repeat":"repeat","background-position":"center center","background-size":"auto","background-attachment":"scroll","background-type":"","background-media":"","overlay-type":"","overlay-color":"","overlay-opacity":"","overlay-gradient":""},"mobile":{"background-color":"","background-image":"","background-repeat":"repeat","background-position":"center center","background-size":"auto","background-attachment":"scroll","background-type":"","background-media":"","overlay-type":"","overlay-color":"","overlay-opacity":"","overlay-gradient":""}},"ast-content-background-meta":{"desktop":{"background-color":"var(--ast-global-color-5)","background-image":"","background-repeat":"repeat","background-position":"center center","background-size":"auto","background-attachment":"scroll","background-type":"","background-media":"","overlay-type":"","overlay-color":"","overlay-opacity":"","overlay-gradient":""},"tablet":{"background-color":"var(--ast-global-color-5)","background-image":"","background-repeat":"repeat","background-position":"center center","background-size":"auto","background-attachment":"scroll","background-type":"","background-media":"","overlay-type":"","overlay-color":"","overlay-opacity":"","overlay-gradient":""},"mobile":{"background-color":"var(--ast-global-color-5)","background-image":"","background-repeat":"repeat","background-position":"center center","background-size":"auto","background-attachment":"scroll","background-type":"","background-media":"","overlay-type":"","overlay-color":"","overlay-opacity":"","overlay-gradient":""}},"footnotes":""},"class_list":["post-1215","page","type-page","status-publish","hentry"],"_links":{"self":[{"href":"https:\/\/boeckel-lab.com\/de\/wp-json\/wp\/v2\/pages\/1215","targetHints":{"allow":["GET"]}}],"collection":[{"href":"https:\/\/boeckel-lab.com\/de\/wp-json\/wp\/v2\/pages"}],"about":[{"href":"https:\/\/boeckel-lab.com\/de\/wp-json\/wp\/v2\/types\/page"}],"author":[{"embeddable":true,"href":"https:\/\/boeckel-lab.com\/de\/wp-json\/wp\/v2\/users\/2"}],"replies":[{"embeddable":true,"href":"https:\/\/boeckel-lab.com\/de\/wp-json\/wp\/v2\/comments?post=1215"}],"version-history":[{"count":146,"href":"https:\/\/boeckel-lab.com\/de\/wp-json\/wp\/v2\/pages\/1215\/revisions"}],"predecessor-version":[{"id":3717,"href":"https:\/\/boeckel-lab.com\/de\/wp-json\/wp\/v2\/pages\/1215\/revisions\/3717"}],"wp:attachment":[{"href":"https:\/\/boeckel-lab.com\/de\/wp-json\/wp\/v2\/media?parent=1215"}],"curies":[{"name":"wp","href":"https:\/\/api.w.org\/{rel}","templated":true}]}}