{"id":1173,"date":"2025-11-01T19:55:24","date_gmt":"2025-11-01T19:55:24","guid":{"rendered":"https:\/\/boeckel-lab.com\/?page_id=1173"},"modified":"2025-12-14T19:42:33","modified_gmt":"2025-12-14T19:42:33","slug":"honors-awards","status":"publish","type":"page","link":"https:\/\/boeckel-lab.com\/de\/honors-awards\/","title":{"rendered":"Ehrungen &amp; Awards"},"content":{"rendered":"<div data-elementor-type=\"wp-post\" data-elementor-id=\"1173\" class=\"elementor elementor-1173\">\n\t\t\t\t<main class=\"elementor-element elementor-element-69d94e2 e-con-full e-flex e-con e-parent\" data-id=\"69d94e2\" data-element_type=\"container\" data-e-type=\"container\" data-settings=\"{&quot;background_background&quot;:&quot;classic&quot;}\">\n\t\t<section class=\"elementor-element elementor-element-e739eb3 e-con-full e-flex e-con e-child\" data-id=\"e739eb3\" data-element_type=\"container\" data-e-type=\"container\" data-settings=\"{&quot;background_background&quot;:&quot;classic&quot;,&quot;animation&quot;:&quot;none&quot;}\">\n\t\t<div class=\"elementor-element elementor-element-4c238b9 e-con-full e-flex elementor-invisible e-con e-child\" data-id=\"4c238b9\" data-element_type=\"container\" data-e-type=\"container\" data-settings=\"{&quot;animation&quot;:&quot;slideInUp&quot;}\">\n\t\t\t\t<div class=\"elementor-element elementor-element-dcc5dae elementor-widget elementor-widget-heading\" data-id=\"dcc5dae\" data-element_type=\"widget\" data-e-type=\"widget\" data-widget_type=\"heading.default\">\n\t\t\t\t<div class=\"elementor-widget-container\">\n\t\t\t\t\t<h1 class=\"elementor-heading-title elementor-size-default\">Ehrungen &amp; Awards<\/h1>\t\t\t\t<\/div>\n\t\t\t\t<\/div>\n\t\t\t\t<\/div>\n\t\t\t\t<\/section>\n\t\t<section class=\"elementor-element elementor-element-8454634 e-flex e-con-boxed e-con e-child\" data-id=\"8454634\" data-element_type=\"container\" data-e-type=\"container\" data-settings=\"{&quot;background_background&quot;:&quot;classic&quot;}\">\n\t\t\t\t\t<div class=\"e-con-inner\">\n\t\t<div class=\"elementor-element elementor-element-5809851 e-con-full e-flex elementor-invisible e-con e-child\" data-id=\"5809851\" data-element_type=\"container\" data-e-type=\"container\" data-settings=\"{&quot;animation&quot;:&quot;slideInUp&quot;}\">\n\t\t\t\t<div class=\"elementor-element elementor-element-2af60be elementor-widget elementor-widget-heading\" data-id=\"2af60be\" data-element_type=\"widget\" data-e-type=\"widget\" data-widget_type=\"heading.default\">\n\t\t\t\t<div class=\"elementor-widget-container\">\n\t\t\t\t\t<h3 class=\"elementor-heading-title elementor-size-default\">Auszeichnungen f\u00fcr Exzellenz und Innovation in der kardiovaskul\u00e4ren Forschung<\/h3>\t\t\t\t<\/div>\n\t\t\t\t<\/div>\n\t\t\t\t<div class=\"elementor-element elementor-element-7d74ae1 elementor-widget elementor-widget-text-editor\" data-id=\"7d74ae1\" data-element_type=\"widget\" data-e-type=\"widget\" data-widget_type=\"text-editor.default\">\n\t\t\t\t<div class=\"elementor-widget-container\">\n\t\t\t\t\t\t\t\t\t<p>Die Mitglieder des Boeckel Lab haben zahlreiche Preise und Auszeichnungen f\u00fcr ihre herausragenden Beitr\u00e4ge zur kardiovaskul\u00e4ren Forschung, Innovation und wissenschaftlichen Exzellenz erhalten. Diese Ehrungen unterstreichen das Engagement des Labors f\u00fcr Fortschritte in der RNA-Biologie, die F\u00f6rderung junger Wissenschaftstalente und die Entwicklung translationaler Erkenntnisse, die die Zukunft der kardiovaskul\u00e4ren Medizin pr\u00e4gen.<\/p><p data-pm-slice=\"1 1 []\">Nachfolgend finden Sie eine vollst\u00e4ndige \u00dcbersicht aller Auszeichnungen unseres Teams.\u00a0<\/p>\t\t\t\t\t\t\t\t<\/div>\n\t\t\t\t<\/div>\n\t\t\t\t<div class=\"elementor-element elementor-element-d06d601 elementor-widget-divider--view-line elementor-widget elementor-widget-divider\" data-id=\"d06d601\" data-element_type=\"widget\" data-e-type=\"widget\" data-widget_type=\"divider.default\">\n\t\t\t\t<div class=\"elementor-widget-container\">\n\t\t\t\t\t\t\t<div class=\"elementor-divider\">\n\t\t\t<span class=\"elementor-divider-separator\">\n\t\t\t\t\t\t<\/span>\n\t\t<\/div>\n\t\t\t\t\t\t<\/div>\n\t\t\t\t<\/div>\n\t\t\t\t<\/div>\n\t\t\t\t\t<\/div>\n\t\t\t\t<\/section>\n\t\t<section class=\"elementor-element elementor-element-50a9b82 awards-scroll-box e-flex e-con-boxed elementor-invisible e-con e-child\" data-id=\"50a9b82\" data-element_type=\"container\" data-e-type=\"container\" data-settings=\"{&quot;background_background&quot;:&quot;classic&quot;,&quot;animation&quot;:&quot;slideInUp&quot;}\">\n\t\t\t\t\t<div class=\"e-con-inner\">\n\t\t\t\t<div class=\"elementor-element elementor-element-c562ccf elementor-widget elementor-widget-heading\" data-id=\"c562ccf\" data-element_type=\"widget\" data-e-type=\"widget\" data-widget_type=\"heading.default\">\n\t\t\t\t<div class=\"elementor-widget-container\">\n\t\t\t\t\t<h3 class=\"elementor-heading-title elementor-size-default\">2025\n<\/h3>\t\t\t\t<\/div>\n\t\t\t\t<\/div>\n\t\t\t\t<div class=\"elementor-element elementor-element-a144935 awards-list elementor-widget elementor-widget-text-editor\" data-id=\"a144935\" data-element_type=\"widget\" data-e-type=\"widget\" data-widget_type=\"text-editor.default\">\n\t\t\t\t<div class=\"elementor-widget-container\">\n\t\t\t\t\t\t\t\t\t<p>09-2025 \u2013 <strong>Jasmin Marga Kneuer<\/strong> &#8211; <a href=\"https:\/\/ukl-live.de\/mediathek_view.php?id=423\" target=\"_blank\" rel=\"noopener\"><em>Innovationspreis<\/em> <em>f\u00fcr klinische Forschung in der Inneren Medizin<\/em><em> 2025<\/em><\/a> &#8211; <em>Leipzig<\/em><\/p><p>08-2025 \u2013 <strong>Jes-Niels Boeckel<\/strong> &#8211; <a href=\"https:\/\/www.escardio.org\/Journals\/ESC-Journal-Family\/esc-journals-top-reviewers-2024\" target=\"_blank\" rel=\"noopener\"><em>Top-Gutachter 2024 <\/em><\/a><a href=\"https:\/\/www.escardio.org\/Journals\/ESC-Journal-Family\/esc-journals-top-reviewers-2024\" target=\"_blank\" rel=\"noopener\"><em>Zeitschrift Cardiovascular Research<\/em><\/a><\/p><p>04-2025 \u2013 <strong>Jasmin Marga Kneuer &amp; Jes-Niels Boeckel<\/strong> &#8211;\u00a0<em><a href=\"https:\/\/herzmedizin.de\/fuer-aerzte-und-fachpersonal\/gefoerdert-werden\/preise---stipendien\/franz-maximilian-groedel-forschungspreis.html\" target=\"_blank\" rel=\"noopener\">Franz-Maximilian-Groedel Forschungspreis 2025<\/a><\/em><\/p><p>04-2025 \u2013 <strong>Jasmin Marga Kneuer<\/strong> &#8211; <em>Reisekostenstipendium<\/em><em>\u00a0Deutsche Gesellschaft f\u00fcr Kardiologie (DGK)<\/em><\/p>\t\t\t\t\t\t\t\t<\/div>\n\t\t\t\t<\/div>\n\t\t\t\t<div class=\"elementor-element elementor-element-c6bfac1 elementor-widget elementor-widget-heading\" data-id=\"c6bfac1\" data-element_type=\"widget\" data-e-type=\"widget\" data-widget_type=\"heading.default\">\n\t\t\t\t<div class=\"elementor-widget-container\">\n\t\t\t\t\t<h3 class=\"elementor-heading-title elementor-size-default\">2024\n<\/h3>\t\t\t\t<\/div>\n\t\t\t\t<\/div>\n\t\t\t\t<div class=\"elementor-element elementor-element-f5a1da3 elementor-widget elementor-widget-text-editor\" data-id=\"f5a1da3\" data-element_type=\"widget\" data-e-type=\"widget\" data-widget_type=\"text-editor.default\">\n\t\t\t\t<div class=\"elementor-widget-container\">\n\t\t\t\t\t\t\t\t\t<p>12-2024 \u2013 <strong>Jes-Niels Boeckel<\/strong> &#8211;\u00a0<em><a href=\"https:\/\/www.escardio.org\/Journals\/ESC-Journal-Family\/esc-journals-top-reviewers-2023\" target=\"_blank\" rel=\"noopener\">Top-Gutachter 2023<\/a>\u00a0<a href=\"https:\/\/www.escardio.org\/Journals\/ESC-Journal-Family\/esc-journals-top-reviewers-2023\" target=\"_blank\" rel=\"noopener\">Zeitschrift Cardiovascular Research<\/a><\/em><\/p><p>04-2024 \u2013 <strong>Luis Baum<\/strong> &#8211;\u00a0<a href=\"https:\/\/herzmedizin.de\/fuer-aerzte-und-fachpersonal\/gefoerdert-werden\/preise---stipendien\/dgk-posterpreis-der-jahrestagung.html\" target=\"_blank\" rel=\"noopener\"><em>Poster Award <\/em><\/a><a href=\"https:\/\/herzmedizin.de\/meta\/ueber-uns\/jahresbericht-2024.html\" target=\"_blank\" rel=\"noopener\"><em>Deutsche Gesellschaft f\u00fcr Kardiologie (DGK)<\/em><\/a><\/p><p>04-2024 \u2013 <strong>Jasmin Marga Kneuer <\/strong>&#8211; <em>Reisekostenstipendium<\/em><em>\u00a0Deutsche Gesellschaft f\u00fcr Kardiologie (DGK)<\/em><\/p><p>01-2024 \u2013 <strong>Clara Schneider<\/strong> &#8211; <em>Stipendium<\/em><em>\u00a0Medizinischen Fakult\u00e4t<\/em><em>\u00a0Universit\u00e4tsklinikum Leipzig<\/em><\/p><p>01-2024 \u2013 <strong>Ignacy Grajek<\/strong> &#8211; <a href=\"https:\/\/www.dresdner-herz-kreislauf-tage.org\/doktorandenstipendien-2024\/\" target=\"_blank\" rel=\"noopener\"><em>Doktoranden-Stipendium<\/em><\/a><a href=\"https:\/\/www.dresdner-herz-kreislauf-tage.org\/doktorandenstipendien-2024\/\" target=\"_blank\" rel=\"noopener\"><em>\u00a0Dresdner Herz-Kreislauf-Tage 2024<\/em><\/a><\/p><p>01-2024 \u2013<strong>\u00a0Karoline Kokot<\/strong> &#8211; <em>Junior Research Grant<\/em>\u00a0<em>medizinischen Fakult\u00e4t Universit\u00e4tsklinikums Leipzig<\/em><\/p>\t\t\t\t\t\t\t\t<\/div>\n\t\t\t\t<\/div>\n\t\t\t\t<div class=\"elementor-element elementor-element-5279e25 elementor-widget elementor-widget-heading\" data-id=\"5279e25\" data-element_type=\"widget\" data-e-type=\"widget\" data-widget_type=\"heading.default\">\n\t\t\t\t<div class=\"elementor-widget-container\">\n\t\t\t\t\t<h3 class=\"elementor-heading-title elementor-size-default\">2023<\/h3>\t\t\t\t<\/div>\n\t\t\t\t<\/div>\n\t\t\t\t<div class=\"elementor-element elementor-element-4eb515b elementor-widget elementor-widget-text-editor\" data-id=\"4eb515b\" data-element_type=\"widget\" data-e-type=\"widget\" data-widget_type=\"text-editor.default\">\n\t\t\t\t<div class=\"elementor-widget-container\">\n\t\t\t\t\t\t\t\t\t<p>10-2023 \u2013 <strong>Emily Schandert <\/strong>&#8211; <em>Stipendium<\/em>\u00a0<em>Sonderforschungsbereichs 1052 \"Mechanismen der Adipositas\"<\/em><\/p><p>05-2023 \u2013 <strong>Valerie F\u00fcrle<\/strong> &#8211; <em>Young Investigator Fellowship<\/em>\u00a0<em>EAS<\/em><\/p><p>05-2023 \u2013 <strong>Jasmin Marga Kneuer <\/strong>&#8211; <em>Young Investigator Fellowship<\/em><em>\u00a0EAS<\/em><\/p><p>05-2023 \u2013 <strong>Jes-Niels Boeckel<\/strong> &#8211; <em>Poster Award<\/em>\u00a0<em>Kardiorenalen Forschungsdialog 2023<\/em><\/p><p>05-2023 \u2013 <strong>Luis Baum<\/strong> &#8211; <em>Poster Award<\/em><em>\u00a0Kardiorenalen Forschungsdialog 2023<\/em><\/p><p>04-2023 \u2013 <strong>Karoline Kokot<\/strong> &#8211; <em><a href=\"https:\/\/herzmedizin.de\/fuer-aerzte-und-fachpersonal\/gefoerdert-werden\/preise---stipendien\/publikationspreis-der-ag-10-herzinsuffizienz.html\" target=\"_blank\" rel=\"noopener\">Publikationspreis AG 10 Chronische Herzinsuffizienz, 3. Platz<\/a><a href=\"https:\/\/herzmedizin.de\/meta\/ueber-uns\/jahresbericht-2023.html\" target=\"_blank\" rel=\"noopener\">\u00a0DGK <\/a>Jahrestagung<\/em><\/p><p>04-2023 \u2013 <strong>Luis Baum<\/strong> &#8211; <em>Stipendium<\/em><em>\u00a0medizinischen Fakult\u00e4t Universit\u00e4tsklinikum Leipzig<\/em><\/p><p>04-2023 \u2013 <strong>Jasmin Marga Kneuer <\/strong>&#8211; <em>Reisekostenstipendium<\/em><em>\u00a0Deutsche Gesellschaft f\u00fcr Kardiologie (DGK)<\/em><\/p><p>04-2023 \u2013 <strong>Valerie F\u00fcrle<\/strong> &#8211; <em>Reisekostenstipendium<\/em><em>\u00a0Deutsche Gesellschaft f\u00fcr Kardiologie (DGK)<\/em><\/p>\t\t\t\t\t\t\t\t<\/div>\n\t\t\t\t<\/div>\n\t\t\t\t<div class=\"elementor-element elementor-element-879d7f1 elementor-widget elementor-widget-heading\" data-id=\"879d7f1\" data-element_type=\"widget\" data-e-type=\"widget\" data-widget_type=\"heading.default\">\n\t\t\t\t<div class=\"elementor-widget-container\">\n\t\t\t\t\t<h3 class=\"elementor-heading-title elementor-size-default\">2022<\/h3>\t\t\t\t<\/div>\n\t\t\t\t<\/div>\n\t\t\t\t<div class=\"elementor-element elementor-element-f4fefd6 elementor-widget elementor-widget-text-editor\" data-id=\"f4fefd6\" data-element_type=\"widget\" data-e-type=\"widget\" data-widget_type=\"text-editor.default\">\n\t\t\t\t<div class=\"elementor-widget-container\">\n\t\t\t\t\t\t\t\t\t<p>09-2022 \u2013 <strong>Valerie F\u00fcrle<\/strong> &#8211; <em>Stipendium<\/em><em>\u00a0medizinischen Fakult\u00e4t Universit\u00e4tsklinikum Leipzig<\/em><\/p><p>07-2022 \u2013 <strong>Jasmin Marga Kneuer <\/strong>&#8211; <em><a href=\"https:\/\/www.ukw.de\/fileadmin\/uk\/medizin_1\/mitarbeiterzeitung\/medeins_aktuell_final_221222.pdf\" target=\"_blank\" rel=\"noopener\">Poster Award <\/a><a href=\"https:\/\/www.ukw.de\/fileadmin\/uk\/medizin_1\/mitarbeiterzeitung\/medeins_aktuell_final_221222.pdf\" target=\"_blank\" rel=\"noopener\">DGK\/DZHK Joint Symposium \"Targets in heart failure\"<\/a> &#8211; W\u00fcrzburg<\/em><\/p><p>06-2022 \u2013 <strong>Vanina Filipova <\/strong>&#8211; <em>Reisekostenstipendium<\/em><em>\u00a0Research Academy Leipzig<\/em><\/p><p>06-2022 \u2013 <strong>Jasmin Marga Kneuer <\/strong>&#8211; <em>Reisekostenstipendium Research Academy Leipzig<\/em><\/p><p>05-2022 \u2013 <strong>Karoline Kokot<\/strong> &#8211; <em>Poster Award<\/em><em>\u00a0Kardiorenalen Forschungsdialog 2022<\/em><\/p><p>05-2022 \u2013 <strong>Marie Schubert<\/strong> &#8211; <em>Reisekostenstipendium <\/em><em>Research Academy Leipzig<\/em><\/p><p>05-2022 \u2013 <strong>Jasmin Marga Kneuer <\/strong>&#8211; <em>Poster Award Kardiorenalen Forschungsdialog 2022<\/em><\/p><p>04-2022 \u2013 <strong>Julian Hoba<\/strong> &#8211;<em> Stipendium<\/em><em>\u00a0medizinischen Fakult\u00e4t Universit\u00e4tsklinikum Leipzig<\/em><\/p><p>04-2022 \u2013 <strong>Karoline Kokot<\/strong> &#8211; <em>Reisekostenstipendium<\/em>\u00a0<em>Deutsche Gesellschaft f\u00fcr Kardiologie (DGK)<\/em><\/p><p>03-2022 \u2013 <strong>Melanie Winkler <\/strong>&#8211; <em>Reisekostenstipendium <\/em><em>Deutsche Gesellschaft f\u00fcr Kardiologie (DGK)<\/em><\/p><p>03-2022 \u2013 <strong>Jasmin Marga Kneuer <\/strong>&#8211; <em>Hans-Kaffarnik-Preis \/ Young Investigator Award 2022<\/em>\u00a0<em>Vascular Medicine and Atherosclerosis Congress<\/em><\/p>\t\t\t\t\t\t\t\t<\/div>\n\t\t\t\t<\/div>\n\t\t\t\t<div class=\"elementor-element elementor-element-0ee0c3a elementor-widget elementor-widget-heading\" data-id=\"0ee0c3a\" data-element_type=\"widget\" data-e-type=\"widget\" data-widget_type=\"heading.default\">\n\t\t\t\t<div class=\"elementor-widget-container\">\n\t\t\t\t\t<h3 class=\"elementor-heading-title elementor-size-default\">2021<\/h3>\t\t\t\t<\/div>\n\t\t\t\t<\/div>\n\t\t\t\t<div class=\"elementor-element elementor-element-1aff9e1 elementor-widget elementor-widget-text-editor\" data-id=\"1aff9e1\" data-element_type=\"widget\" data-e-type=\"widget\" data-widget_type=\"text-editor.default\">\n\t\t\t\t<div class=\"elementor-widget-container\">\n\t\t\t\t\t\t\t\t\t<p>11-2021 \u2013 <strong>Jasmin Marga Kneuer <\/strong>&#8211; <a href=\"https:\/\/gfmvb.com\/?page_id=81\" target=\"_blank\" rel=\"noopener\"><em>Aletta Jacobs Memorial Award <\/em><\/a>\u00a0<a href=\"https:\/\/gfmvb.com\/?page_id=81\" target=\"_blank\" rel=\"noopener\"><em>Gesellschaft f\u00fcr Mikrozirkulation und Vaskul\u00e4re Biologie (GFMVB)<\/em><\/a><\/p><p>10-2021 \u2013 <strong>Jes-Niels Boeckel<\/strong> &#8211; <a href=\"https:\/\/professional.heart.org\/-\/media\/PHD-Files-2\/Membership\/Awards-and-Lectures\/Paul_Dudley_White_Awardees_List_2021.pdf\" target=\"_blank\" rel=\"noopener\"><em>Paul Dudley White International Award 2021<\/em><\/a>\u00a0<a href=\"https:\/\/digitaleditions.walsworth.com\/publication\/?i=736977&amp;article_id=4205772&amp;view=articleBrowser\" target=\"_blank\" rel=\"noopener\"><em>American Heart Association (AHA)<\/em><\/a><\/p><p>09-2021 \u2013 <strong>Vanina Filipova<\/strong> &#8211; <em>Stipendium<\/em><em>\u00a0Sonderforschungsbereichs 1052 \"Mechanismen der Adipositas\"<\/em><\/p><p>09-2021 \u2013 <strong>Melanie Winkler <\/strong>&#8211; <em>Stipendium<\/em><em> medizinischen Fakult\u00e4t Universit\u00e4tsklinikums Leipzig<\/em><\/p>\t\t\t\t\t\t\t\t<\/div>\n\t\t\t\t<\/div>\n\t\t\t\t<div class=\"elementor-element elementor-element-01ebd63 elementor-widget elementor-widget-heading\" data-id=\"01ebd63\" data-element_type=\"widget\" data-e-type=\"widget\" data-widget_type=\"heading.default\">\n\t\t\t\t<div class=\"elementor-widget-container\">\n\t\t\t\t\t<h3 class=\"elementor-heading-title elementor-size-default\">2020<\/h3>\t\t\t\t<\/div>\n\t\t\t\t<\/div>\n\t\t\t\t<div class=\"elementor-element elementor-element-83979c7 elementor-widget elementor-widget-text-editor\" data-id=\"83979c7\" data-element_type=\"widget\" data-e-type=\"widget\" data-widget_type=\"text-editor.default\">\n\t\t\t\t<div class=\"elementor-widget-container\">\n\t\t\t\t\t\t\t\t\t<p>09-2020 \u2013<strong> Marie Schubert<\/strong> &#8211; <em>Reisekostenstipendium<\/em><em> Graduiertenkolleg <\/em><em>Sonderforschungsbereichs 1052 \"Mechanismen der Adipositas\"<\/em><\/p><p>09-2020 \u2013 <strong>Sascha Rittig<\/strong> &#8211; <em>Reisekostenstipendium<\/em><em> Graduiertenkolleg - Sonderforschungsbereichs 1052 \"Mechanismen der Adipositas\"<\/em><\/p><p>09-2020 \u2013 <strong>Jes-Niels Boeckel<\/strong> &#8211; <a href=\"https:\/\/herzmedizin.de\/fuer-aerzte-und-fachpersonal\/gefoerdert-werden\/preise---stipendien\/nachwuchsfonds-innovative-kardiologie-der-dr--marija-orlovic-sti.html\" target=\"_blank\" rel=\"noopener\"><em>Orlovic Nachwuchsfond \u201eInnovative Kardiologie\u201c 2020<\/em><\/a> &#8211; <a href=\"https:\/\/herzmedizin.de\/fuer-aerzte-und-fachpersonal\/gefoerdert-werden\/preise---stipendien\/nachwuchsfonds-innovative-kardiologie-der-dr--marija-orlovic-sti.html\" target=\"_blank\" rel=\"noopener\"><em>Dr. Marija Orlovic Stiftung<\/em><\/a><\/p><p>09-2020 \u2013 <strong>Marie Schubert<\/strong> &#8211; <em>Reisekostenstipendium<\/em><em>\u00a0Research Academy Leipzig<\/em><\/p><p>09-2020 \u2013 <strong>Sascha Rittig<\/strong> &#8211; <em>Reisekostenstipendium<\/em><em>\u00a0Research Academy Leipzig<\/em><\/p><p>09-2020 \u2013 <strong>Annemarie Rusche<\/strong> &#8211; <em>Stipendium<\/em><em>\u00a0medizinischen Fakult\u00e4t Universit\u00e4tsklinikum Leipzig<\/em><\/p><p>09-2020 \u2013 <strong>Marie Schubert<\/strong> &#8211; <em>Stipendium SFB1052<\/em><\/p><p>01-2020 \u2013 <strong>Maximilian M\u00f6bius-Winkler<\/strong> &#8211; <em>Audience Award<\/em><em>\u00a0Leipzig Research Festival for Life Science<\/em><\/p><p>01-2020 \u2013 <strong>Lidia Gaal<\/strong> &#8211; <em>Young Scientist Award<\/em>\u00a0<em>Leipzig Research Festival for Life Science<\/em><\/p><p>01-2020 \u2013 <strong>Maximilian M\u00f6bius-Winkler<\/strong> &#8211; <em>Young Scientist Award<\/em>\u00a0<em>Leipzig Research Festival for Life Science<\/em><\/p><p>01-2020 \u2013 <strong>Michael Andritschke<\/strong> &#8211; <a href=\"https:\/\/www.dresdner-herz-kreislauf-tage.org\/doktorandenstipendien-2020\/\" target=\"_blank\" rel=\"noopener\"><em>Doktoranden-Stipendium<\/em><\/a>\u00a0<a href=\"https:\/\/www.dresdner-herz-kreislauf-tage.org\/doktorandenstipendien-2020\/\" target=\"_blank\" rel=\"noopener\"><em>Dresdner Herz-Kreislauf-Tage 2020<\/em><\/a><\/p>\t\t\t\t\t\t\t\t<\/div>\n\t\t\t\t<\/div>\n\t\t\t\t<div class=\"elementor-element elementor-element-a2eadf5 elementor-widget elementor-widget-heading\" data-id=\"a2eadf5\" data-element_type=\"widget\" data-e-type=\"widget\" data-widget_type=\"heading.default\">\n\t\t\t\t<div class=\"elementor-widget-container\">\n\t\t\t\t\t<h3 class=\"elementor-heading-title elementor-size-default\">2019<\/h3>\t\t\t\t<\/div>\n\t\t\t\t<\/div>\n\t\t\t\t<div class=\"elementor-element elementor-element-92de883 elementor-widget elementor-widget-text-editor\" data-id=\"92de883\" data-element_type=\"widget\" data-e-type=\"widget\" data-widget_type=\"text-editor.default\">\n\t\t\t\t<div class=\"elementor-widget-container\">\n\t\t\t\t\t\t\t\t\t<p>10-2019 \u2013 <strong>Sascha Rittig<\/strong> &#8211; <em>Stipendium<\/em><em> Medizinischen Fakult\u00e4t<\/em><em>\u00a0Universit\u00e4tsklinikum Leipzig<\/em><\/p><p>09-2019 \u2013 <strong>Lidia Gaal<\/strong> &#8211; <a href=\"https:\/\/herzmedizin.de\/fuer-aerzte-und-fachpersonal\/gefoerdert-werden\/preise---stipendien\/dgk-forschungsstipendium.html\" target=\"_blank\" rel=\"noopener\"><em>Forschungsstipendium<\/em><\/a><a href=\"https:\/\/herzmedizin.de\/fuer-aerzte-und-fachpersonal\/gefoerdert-werden\/preise---stipendien\/dgk-forschungsstipendium.html\" target=\"_blank\" rel=\"noopener\"><em>\u00a0Deutschen Gesellschaft f\u00fcr Kardiologie<\/em><\/a><\/p><p>04-2019 \u2013 <strong>Jes-Niels Boeckel<\/strong> &#8211; <em>Reisekostenstipendium <\/em><em>Deutschen Gesellschaft f\u00fcr Kardiologie<\/em><\/p><p>04-2019 \u2013 <strong>Maximilian M\u00f6bius-Winkler<\/strong> &#8211; <em>Stipendium <\/em>\u00a0<em>Medizinischen Fakult\u00e4t<\/em><em>\u00a0Universit\u00e4tsklinikum Leipzig<\/em><\/p><p>03-2019 \u2013 <strong>Tim Meinecke <\/strong>&#8211; <em>Stipendium<\/em>\u00a0<em>Medizinischen Fakult\u00e4t<\/em><em>\u00a0Universit\u00e4tsklinikum Leipzig<\/em><\/p>\t\t\t\t\t\t\t\t<\/div>\n\t\t\t\t<\/div>\n\t\t\t\t\t<\/div>\n\t\t\t\t<\/section>\n\t\t\t\t<\/main>\n\t\t\t\t<\/div>","protected":false},"excerpt":{"rendered":"<p>Honors &amp; Awards Recognizing Excellence and Innovation in Cardiovascular Research Members of the Boeckel Lab have received numerous awards and honors for their outstanding contributions to cardiovascular research, innovation, and academic excellence. These recognitions highlight the lab\u2019s commitment to advancing RNA biology, fostering young scientific talent, and driving translational discoveries that shape the future of&hellip; <a class=\"continue\" href=\"https:\/\/boeckel-lab.com\/de\/honors-awards\/\">Continue Reading<span> Ehrungen &amp; Awards<\/span><\/a><\/p>","protected":false},"author":2,"featured_media":0,"parent":0,"menu_order":0,"comment_status":"closed","ping_status":"closed","template":"","meta":{"site-sidebar-layout":"no-sidebar","site-content-layout":"page-builder","ast-site-content-layout":"full-width-container","site-content-style":"unboxed","site-sidebar-style":"unboxed","ast-global-header-display":"","ast-banner-title-visibility":"","ast-main-header-display":"","ast-hfb-above-header-display":"","ast-hfb-below-header-display":"","ast-hfb-mobile-header-display":"","site-post-title":"disabled","ast-breadcrumbs-content":"","ast-featured-img":"disabled","footer-sml-layout":"","ast-disable-related-posts":"","theme-transparent-header-meta":"enabled","adv-header-id-meta":"","stick-header-meta":"","header-above-stick-meta":"","header-main-stick-meta":"","header-below-stick-meta":"","astra-migrate-meta-layouts":"set","ast-page-background-enabled":"default","ast-page-background-meta":{"desktop":{"background-color":"","background-image":"","background-repeat":"repeat","background-position":"center center","background-size":"auto","background-attachment":"scroll","background-type":"","background-media":"","overlay-type":"","overlay-color":"","overlay-opacity":"","overlay-gradient":""},"tablet":{"background-color":"","background-image":"","background-repeat":"repeat","background-position":"center center","background-size":"auto","background-attachment":"scroll","background-type":"","background-media":"","overlay-type":"","overlay-color":"","overlay-opacity":"","overlay-gradient":""},"mobile":{"background-color":"","background-image":"","background-repeat":"repeat","background-position":"center center","background-size":"auto","background-attachment":"scroll","background-type":"","background-media":"","overlay-type":"","overlay-color":"","overlay-opacity":"","overlay-gradient":""}},"ast-content-background-meta":{"desktop":{"background-color":"var(--ast-global-color-5)","background-image":"","background-repeat":"repeat","background-position":"center center","background-size":"auto","background-attachment":"scroll","background-type":"","background-media":"","overlay-type":"","overlay-color":"","overlay-opacity":"","overlay-gradient":""},"tablet":{"background-color":"var(--ast-global-color-5)","background-image":"","background-repeat":"repeat","background-position":"center center","background-size":"auto","background-attachment":"scroll","background-type":"","background-media":"","overlay-type":"","overlay-color":"","overlay-opacity":"","overlay-gradient":""},"mobile":{"background-color":"var(--ast-global-color-5)","background-image":"","background-repeat":"repeat","background-position":"center center","background-size":"auto","background-attachment":"scroll","background-type":"","background-media":"","overlay-type":"","overlay-color":"","overlay-opacity":"","overlay-gradient":""}},"footnotes":""},"class_list":["post-1173","page","type-page","status-publish","hentry"],"_links":{"self":[{"href":"https:\/\/boeckel-lab.com\/de\/wp-json\/wp\/v2\/pages\/1173","targetHints":{"allow":["GET"]}}],"collection":[{"href":"https:\/\/boeckel-lab.com\/de\/wp-json\/wp\/v2\/pages"}],"about":[{"href":"https:\/\/boeckel-lab.com\/de\/wp-json\/wp\/v2\/types\/page"}],"author":[{"embeddable":true,"href":"https:\/\/boeckel-lab.com\/de\/wp-json\/wp\/v2\/users\/2"}],"replies":[{"embeddable":true,"href":"https:\/\/boeckel-lab.com\/de\/wp-json\/wp\/v2\/comments?post=1173"}],"version-history":[{"count":259,"href":"https:\/\/boeckel-lab.com\/de\/wp-json\/wp\/v2\/pages\/1173\/revisions"}],"predecessor-version":[{"id":3618,"href":"https:\/\/boeckel-lab.com\/de\/wp-json\/wp\/v2\/pages\/1173\/revisions\/3618"}],"wp:attachment":[{"href":"https:\/\/boeckel-lab.com\/de\/wp-json\/wp\/v2\/media?parent=1173"}],"curies":[{"name":"wp","href":"https:\/\/api.w.org\/{rel}","templated":true}]}}